{"id":455,"date":"2023-06-26T14:09:08","date_gmt":"2023-06-26T14:09:08","guid":{"rendered":"https:\/\/blandow-energieberatung.de\/?page_id=455"},"modified":"2024-04-22T10:36:52","modified_gmt":"2024-04-22T10:36:52","slug":"leistungen","status":"publish","type":"page","link":"https:\/\/blandow-energieberatung.de\/?page_id=455","title":{"rendered":"Leistungen"},"content":{"rendered":"\n<div class=\"wp-block-columns is-layout-flex wp-container-2\">\n<div class=\"wp-block-column is-layout-flow\">\n<ul>\n<li>Vor-Ort-Energieberatung f\u00fcr Wohngeb\u00e4ude<\/li>\n<\/ul>\n\n\n\n<ul>\n<li>Erstellung von individuellen Sanierungsfahrpl\u00e4nen (iSFP)<\/li>\n<\/ul>\n\n\n\n<ul>\n<li>Erstellung von Energiebedarfs- und Energieverbrauchsausweisen<\/li>\n<\/ul>\n\n\n\n<ul>\n<li>F\u00f6rdermittelberatung (BAFA\/KfW\/BreMo)<\/li>\n<\/ul>\n\n\n\n<ul>\n<li>Beantragung von F\u00f6rdermitteln (BAFA\/KfW\/BreMo)<\/li>\n<\/ul>\n\n\n\n<ul>\n<li>energetische Hauskaufberatung<\/li>\n<\/ul>\n\n\n\n<ul>\n<li>Baubegleitung f\u00fcr Ma\u00dfnahmen an der Geb\u00e4udeh\u00fclle<\/li>\n<\/ul>\n\n\n\n<p><\/p>\n<\/div>\n<\/div>\n\n\n\n<p>Hinweis: Aus Kapazit\u00e4tsgr\u00fcnden k\u00f6nnen aktuell keine Sanierungen zum KfW-Effizienzhaus begleitet werden.<\/p>\n","protected":false},"excerpt":{"rendered":"<p>Hinweis: Aus Kapazit\u00e4tsgr\u00fcnden k\u00f6nnen aktuell keine Sanierungen zum KfW-Effizienzhaus begleitet werden.<\/p>\n","protected":false},"author":1,"featured_media":0,"parent":0,"menu_order":0,"comment_status":"closed","ping_status":"closed","template":"","meta":{"_themeisle_gutenberg_block_has_review":false},"_links":{"self":[{"href":"https:\/\/blandow-energieberatung.de\/index.php?rest_route=\/wp\/v2\/pages\/455"}],"collection":[{"href":"https:\/\/blandow-energieberatung.de\/index.php?rest_route=\/wp\/v2\/pages"}],"about":[{"href":"https:\/\/blandow-energieberatung.de\/index.php?rest_route=\/wp\/v2\/types\/page"}],"author":[{"embeddable":true,"href":"https:\/\/blandow-energieberatung.de\/index.php?rest_route=\/wp\/v2\/users\/1"}],"replies":[{"embeddable":true,"href":"https:\/\/blandow-energieberatung.de\/index.php?rest_route=%2Fwp%2Fv2%2Fcomments&post=455"}],"version-history":[{"count":7,"href":"https:\/\/blandow-energieberatung.de\/index.php?rest_route=\/wp\/v2\/pages\/455\/revisions"}],"predecessor-version":[{"id":580,"href":"https:\/\/blandow-energieberatung.de\/index.php?rest_route=\/wp\/v2\/pages\/455\/revisions\/580"}],"wp:attachment":[{"href":"https:\/\/blandow-energieberatung.de\/index.php?rest_route=%2Fwp%2Fv2%2Fmedia&parent=455"}],"curies":[{"name":"wp","href":"https:\/\/api.w.org\/{rel}","templated":true}]}}