{"id":469,"date":"2023-06-26T18:03:34","date_gmt":"2023-06-26T18:03:34","guid":{"rendered":"https:\/\/blandow-energieberatung.de\/?page_id=469"},"modified":"2023-08-01T17:37:34","modified_gmt":"2023-08-01T17:37:34","slug":"datenschutz","status":"publish","type":"page","link":"https:\/\/blandow-energieberatung.de\/?page_id=469","title":{"rendered":"datenschutz"},"content":{"rendered":"\n<div class=\"wp-block-columns is-layout-flex wp-container-2\">\n<div class=\"wp-block-column is-layout-flow\">\n<p>Datum der letzten Aktualisierung: 01.08.2023<\/p>\n\n\n\n<p>Vielen Dank f\u00fcr Ihren Besuch auf unserer Website. Der Schutz Ihrer pers\u00f6nlichen Daten ist uns ein wichtiges Anliegen. Nachstehend informieren wir Sie ausf\u00fchrlich \u00fcber den Umgang mit Ihren Daten.<\/p>\n\n\n\n<p><strong>Verantwortliche Stelle<\/strong><\/p>\n\n\n\n<p>Die verantwortliche Stelle f\u00fcr die Datenverarbeitung auf dieser Website ist:<br>Marlon Blandow &#8211; Energieberatung<br>Marlon Blandow<br>info@blandow-energieberatung.de<\/p>\n\n\n\n<p><strong>Erhebung und Verarbeitung personenbezogener Daten<\/strong><\/p>\n\n\n\n<p>Wir erheben und verarbeiten personenbezogene Daten nur, wenn Sie uns diese freiwillig zur Verf\u00fcgung stellen und\/oder eine Einwilligung dazu erteilt haben, z. B. im Rahmen eines Kontaktformulars oder zur Abwicklung eines Vertrags.<br><br>Folgende Datenarten k\u00f6nnen dabei erhoben werden:<br><br>&#8211; Name, Vorname<br>&#8211; Kontaktdaten (E-Mail-Adresse, Telefonnummer, Anschrift etc.)<br>&#8211; IP-Adresse<br>&#8211; Daten, die Sie und im Rahmen der Nutzung unserer Website zur Verf\u00fcgung stellen<\/p>\n\n\n\n<p><strong>Zweck der Datenverarbeitung<\/strong><\/p>\n\n\n\n<p>Wir verwenden die von Ihnen mitgeteilten Daten gem\u00e4\u00df den geltenden datenschutzrechtlichen Bestimmungen und ausschlie\u00dflich f\u00fcr die Zwecke, f\u00fcr die Sie uns diese Daten zur Verf\u00fcgung gestellt haben, z. B. zur Bearbeitung Ihrer Anfragen, zur Abwicklung von Bestellungen, etc.<\/p>\n\n\n\n<p><strong>Weitergabe von Daten an Dritte<\/strong><\/p>\n\n\n\n<p>Ihre personenbezogenen Daten werden nur an Dritte weitergegeben, sofern dies gesetzlich erlaubt ist oder Sie ausdr\u00fccklich eingewilligt haben. Wir arbeiten ggf. mit Dienstleistern zusammen, die in unserem Auftrag personenbezogene Daten verarbeiten, wie z. B. Hosting-Anbieter. Dieser Dienstleister erhalt nur die f\u00fcr die Erbringung ihrer Leistungen notwendigen Daten und sind vertraglich zur vertraulichen Behandlung dieser Daten verpflichtet.<\/p>\n\n\n\n<p><strong>Dauer der Speicherung<\/strong><\/p>\n\n\n\n<p>Wir speichern Ihre Daten nur so lange, wie es f\u00fcr die Zwecke, f\u00fcr die sie erhoben wurden, notwendig ist, oder solange dies gesetzlich vorgeschrieben ist. Entf\u00e4llt der Zweck oder l\u00e4uft die gesetzliche Aufbewahrungsfrist ab, werden die Daten gel\u00f6scht.<\/p>\n\n\n\n<p><strong>Ihre Rechte<\/strong><\/p>\n\n\n\n<p>Ihre Rechte Sie haben das Recht, Auskunft \u00fcber die bei uns gespeicherten personenbezogenen Daten zu erhalten und ggf. deren Berichtigung, L\u00f6schung oder Einschr\u00e4nkung der Verarbeitung zu verlangen. Wenn Sie eine Einwilligung zur Datenverarbeitung erteilt haben, k\u00f6nnen Sie diese Einwilligung jederzeit mit Wirkung f\u00fcr die Zukunft widerrufen. F\u00fcr Ausk\u00fcnfte oder zur Aus\u00fcbung Ihrer Rechte wenden Sie sich bitte an die unter Punkt 1 genannte verantwortliche Stelle.<\/p>\n\n\n\n<p><strong>\u00c4nderung der Datenschutzerkl\u00e4rung<\/strong><\/p>\n\n\n\n<p>Wir behalten uns vor, diese Datenschutzerkl\u00e4rung bei Bedarf zu aktualisieren, um sie an ge\u00e4nderte Funktionalit\u00e4ten der Website oder an rechtliche \u00c4nderungen anzupassen. Die jeweils aktuelle Version finden Sie stets auf unserer Website.<\/p>\n<\/div>\n<\/div>\n","protected":false},"excerpt":{"rendered":"<p>Datum der letzten Aktualisierung: 01.08.2023 Vielen Dank f\u00fcr Ihren Besuch auf unserer Website. Der Schutz Ihrer pers\u00f6nlichen Daten ist uns ein wichtiges Anliegen. Nachstehend informieren wir Sie ausf\u00fchrlich \u00fcber den Umgang mit Ihren Daten. Verantwortliche Stelle Die verantwortliche Stelle f\u00fcr die Datenverarbeitung auf dieser Website ist:Marlon Blandow &#8211; EnergieberatungMarlon Blandowinfo@blandow-energieberatung.de Erhebung und Verarbeitung personenbezogener Daten [&hellip;]<\/p>\n","protected":false},"author":1,"featured_media":0,"parent":0,"menu_order":0,"comment_status":"closed","ping_status":"closed","template":"","meta":{"_themeisle_gutenberg_block_has_review":false},"_links":{"self":[{"href":"https:\/\/blandow-energieberatung.de\/index.php?rest_route=\/wp\/v2\/pages\/469"}],"collection":[{"href":"https:\/\/blandow-energieberatung.de\/index.php?rest_route=\/wp\/v2\/pages"}],"about":[{"href":"https:\/\/blandow-energieberatung.de\/index.php?rest_route=\/wp\/v2\/types\/page"}],"author":[{"embeddable":true,"href":"https:\/\/blandow-energieberatung.de\/index.php?rest_route=\/wp\/v2\/users\/1"}],"replies":[{"embeddable":true,"href":"https:\/\/blandow-energieberatung.de\/index.php?rest_route=%2Fwp%2Fv2%2Fcomments&post=469"}],"version-history":[{"count":3,"href":"https:\/\/blandow-energieberatung.de\/index.php?rest_route=\/wp\/v2\/pages\/469\/revisions"}],"predecessor-version":[{"id":565,"href":"https:\/\/blandow-energieberatung.de\/index.php?rest_route=\/wp\/v2\/pages\/469\/revisions\/565"}],"wp:attachment":[{"href":"https:\/\/blandow-energieberatung.de\/index.php?rest_route=%2Fwp%2Fv2%2Fmedia&parent=469"}],"curies":[{"name":"wp","href":"https:\/\/api.w.org\/{rel}","templated":true}]}}